{"id":2976,"date":"2024-04-09T16:02:25","date_gmt":"2024-04-09T14:02:25","guid":{"rendered":"https:\/\/www.ecolodges-des-3-lacs.com\/blog\/"},"modified":"2026-02-23T15:15:17","modified_gmt":"2026-02-23T14:15:17","slug":"blog","status":"publish","type":"page","link":"https:\/\/www.ecolodges-des-3-lacs.com\/de\/blog\/","title":{"rendered":"Blog"},"content":{"rendered":"\n<div class=\"wp-block-cover alignfull header-top\" style=\"margin-top:0px;min-height:100vh;aspect-ratio:unset;\"><img decoding=\"async\" width=\"1900\" height=\"950\" class=\"wp-block-cover__image-background wp-image-1702 lazyload\" alt=\"\" data-src=\"https:\/\/www.ecolodges-des-3-lacs.com\/wp-content\/uploads\/contact-top.jpg\" style=\"--smush-placeholder-width: 1900px; --smush-placeholder-aspect-ratio: 1900\/950;object-position:31% 0%\" data-object-fit=\"cover\" data-object-position=\"31% 0%\" data-srcset=\"https:\/\/www.ecolodges-des-3-lacs.com\/wp-content\/uploads\/\/contact-top.jpg 1900w, https:\/\/www.ecolodges-des-3-lacs.com\/wp-content\/uploads\/\/contact-top-1024x512.jpg 1024w, https:\/\/www.ecolodges-des-3-lacs.com\/wp-content\/uploads\/\/contact-top-768x384.jpg 768w, https:\/\/www.ecolodges-des-3-lacs.com\/wp-content\/uploads\/\/contact-top-1536x768.jpg 1536w, https:\/\/www.ecolodges-des-3-lacs.com\/wp-content\/uploads\/\/contact-top-512x256.jpg 512w, https:\/\/www.ecolodges-des-3-lacs.com\/wp-content\/uploads\/\/contact-top-256x128.jpg 256w\" data-sizes=\"(max-width: 1900px) 100vw, 1900px\" src=\"data:image\/svg+xml;base64,PHN2ZyB3aWR0aD0iMSIgaGVpZ2h0PSIxIiB4bWxucz0iaHR0cDovL3d3dy53My5vcmcvMjAwMC9zdmciPjwvc3ZnPg==\" \/><span aria-hidden=\"true\" class=\"wp-block-cover__background has-background-dim-20 has-background-dim\"><\/span><div class=\"wp-block-cover__inner-container is-layout-constrained wp-block-cover-is-layout-constrained\">\n<div class=\"wp-block-columns are-vertically-aligned-center is-layout-flex wp-container-core-columns-is-layout-56259212 wp-block-columns-is-layout-flex\" style=\"margin-top:70px\">\n<div class=\"wp-block-column is-vertically-aligned-center titre-top r animation--init--once animation--left is-layout-flow wp-block-column-is-layout-flow\" style=\"flex-basis:67%\">\n<p class=\"has-text-align-left\">Camping-Blog <br>Les Ecolodges<br>des 3 Lacs<sub>dans les Hautes-Alpes<\/sub><\/p>\n<\/div>\n\n\n\n<div class=\"wp-block-column is-vertically-aligned-center motor-content is-layout-flow wp-block-column-is-layout-flow\" style=\"flex-basis:40%\">\n<div class=\"wp-block-group motor-thelis motor-header is-layout-constrained wp-block-group-is-layout-constrained\" style=\"margin-top:0px;margin-bottom:0px\">\n<div class=\"wp-block-columns le-moteur animation--init--once animation--right is-layout-flex wp-container-core-columns-is-layout-28f84493 wp-block-columns-is-layout-flex\">\n<div class=\"wp-block-column is-layout-flow wp-block-column-is-layout-flow\" style=\"flex-basis:100%\">\n<p class=\"has-text-align-center titre-moteur has-muthiara-font-family\">Vos vacances<sub>commencent ici !<\/sub><\/p>\n\n\n\n<section class=\"formulaire-de-recherche-bar\">\r\n            <div id=\"expand-thelis-formulaire\">Buchen<\/div>\r\n            <div class=\"container-form\"><thr-search-engine><\/thr-search-engine><a id=\"pay-btn-2\" onclick=\"window.open('https:\/\/thelisresa.webcamp.fr\/cart-directPayment.php?camping=lacs05&amp;lang=de');\"><i><\/i>Ihren Aufenthalt<\/a>\r\n            <style>\r\n            \r\n            .thr-search-engine .thr-search-engine-main > .thr-btn-search { max-width: 20% !important; }\r\n            .thr .btn i { margin-right: 0 !important; }\r\n            #pay-btn-2 { \r\n                position: absolute;\r\n                right: 0;top: 0;\r\n                margin: 10px;\r\n                border: 0;\r\n                background-color: ;\r\n                color: ;\r\n                cursor: pointer;\r\n                width: calc(17% - 5px);\r\n                padding: 17px 0;\r\n                font-size: 18px;\r\n                font-weight: bold;\r\n                text-transform: auto;\r\n                transition: all .35s;\r\n                display: flex;justify-content: center;\r\n                align-items: center;\r\n            }\r\n            #pay-btn-2 i {\r\n                display: inline-flex;\r\n                width:18px;height:18px;\r\n                margin-right: 5px;\r\n                background-image: url('data:image\/svg+xml;utf8,<?xml version=\"1.0\" encoding=\"utf-8\"?><svg width=\"1792\" height=\"1792\" viewBox=\"0 0 1792 1792\" xmlns=\"http:\/\/www.w3.org\/2000\/svg\"><path d=\"M704 1536q0 52-38 90t-90 38-90-38-38-90 38-90 90-38 90 38 38 90zm896 0q0 52-38 90t-90 38-90-38-38-90 38-90 90-38 90 38 38 90zm128-1088v512q0 24-16.5 42.5t-40.5 21.5l-1044 122q13 60 13 70 0 16-24 64h920q26 0 45 19t19 45-19 45-45 19h-1024q-26 0-45-19t-19-45q0-11 8-31.5t16-36 21.5-40 15.5-29.5l-177-823h-204q-26 0-45-19t-19-45 19-45 45-19h256q16 0 28.5 6.5t19.5 15.5 13 24.5 8 26 5.5 29.5 4.5 26h1201q26 0 45 19t19 45z\" fill=\"rgba(255,255,255,1)\" \/><\/svg>');\r\n                background-size: cover;background-position: center center;background-repeat: no-repeat;\r\n            }\r\n            #pay-btn-2:hover { background-color: ; }\r\n            .thr-search-engine { width: 83%; }\r\n\r\n            @media screen and (max-width: 1024px) {\r\n                #pay-btn-2 { top: 52px; }\r\n                .thr-search-engine .thr-search-engine-main > .thr-btn-search { max-width: inherit !important; }\r\n            }\r\n            @media screen and (max-width: 990px) {\r\n                .thr-search-engine { width: 100%; }\r\n                #pay-btn-2 { position: relative;width: calc(100% - 20px);top: auto;margin-top: 0; }\r\n            }\r\n\r\n            thr-search-engine { border-right: 200px rgba(0,0,0,0) solid;display: block; }\r\n            @media screen and (max-width: 1024px) {\r\n                thr-search-engine { border-right: inherit;display: inherit; }\r\n            }\r\n            <\/style>\r\n            <\/div><\/section><!-- .formulaire-de-recherche-bar --><style>\r\n        #expand-thelis-formulaire { display: none; }\r\n        @media screen and (max-width: 1024px) {\r\n            #expand-thelis-formulaire { display: block; }\r\n            .formulaire-de-recherche-bar .container-form { display: none; }\r\n        }\r\n    <\/style><script>\r\n    jQuery(document).ready(function($){\r\n        jQuery('#expand-thelis-formulaire').click(function(){\r\n            if(\r\n                jQuery('.formulaire-de-recherche-bar .container-form').css('display') == 'none'\r\n            ){\r\n                jQuery('.formulaire-de-recherche-bar .container-form').css('display', 'block');\r\n                jQuery('#expand-thelis-formulaire').addClass('expanded');\r\n            }else{\r\n                jQuery('.formulaire-de-recherche-bar .container-form').css('display', 'none');\r\n                jQuery('#expand-thelis-formulaire').removeClass('expanded');\r\n            }\r\n        });\r\n    });\r\n    <\/script>\n\n\n\n<script type=\"module\" src=\"https:\/\/online.resa-booking.com\/front\/widgetBase\/v2\/module\/index.js\"><\/script><div class=\"widget-container\">\n            <!-- Widget barre de recherche ResaBooking -->\n            <rb-search-bar \n                data-target=\"_parent\" \n                data-requiredDate=\"false\">\n            <\/rb-search-bar>\n        <\/div><script>\n        window.addEventListener('load', () => {\n            window.resabooking({\n                id: 1422,\n                token: 'f869219bc30.11571370',\n                type: 'searchBar',\n                lang: 'de',\n                adults: 2\n                \/\/ Opciones adicionales disponibles:\n                \/\/ arrivalDate: 'YYYY-MM-DD',\n                \/\/ departureDate: 'YYYY-MM-DD',\n                \/\/ submitOnChangeCalendar: false\n            });\n            \n            console.log('\u2705 Widget ResaBooking inicializado correctamente');\n        });\n    <\/script>\n<\/div>\n<\/div>\n<\/div>\n<\/div>\n<\/div>\n<\/div><\/div>\n\n\n\n<div class=\"wp-block-group alignfull intro-page oh is-layout-constrained wp-block-group-is-layout-constrained\">\n<div class=\"wp-block-columns is-layout-flex wp-container-core-columns-is-layout-aa0ccf58 wp-block-columns-is-layout-flex\" style=\"margin-bottom:70px\">\n<div class=\"wp-block-column is-layout-flow wp-block-column-is-layout-flow\">\n<h1 class=\"wp-block-heading has-text-align-center\" style=\"text-transform:uppercase\">Entdecken Sie den BLOG<sub>von Camping Les Ecolodges des 3 Lacs<\/sub><\/h1>\n<\/div>\n<\/div>\n\n\n\n<div class=\"wp-block-columns les-actualites animation--init--once animation--top is-layout-flex wp-container-core-columns-is-layout-28f84493 wp-block-columns-is-layout-flex\">\n<div class=\"wp-block-column is-layout-flow wp-block-column-is-layout-flow\">\n<div class=\"wp-block-query has-animation is-layout-flow wp-block-query-is-layout-flow\"><ul class=\"columns-1 animation--init--once animation--top wp-block-post-template is-layout-grid wp-container-core-post-template-is-layout-19505109 wp-block-post-template-is-layout-grid\"><li class=\"wp-block-post post-4336 post type-post status-publish format-standard has-post-thumbnail hentry category-unkategorisiert\">\n<figure class=\"wp-block-post-featured-image\"><img decoding=\"async\" width=\"1024\" height=\"768\" data-src=\"https:\/\/www.ecolodges-des-3-lacs.com\/wp-content\/uploads\/cabana-magique-01.jpg\" class=\"attachment-post-thumbnail size-post-thumbnail wp-post-image lazyload\" alt=\"Cabane magique en bois pour jeunes enfants, id\u00e9ale pour des vacances en famille au lac de Serre-Pon\u00e7on\" style=\"--smush-placeholder-width: 1024px; --smush-placeholder-aspect-ratio: 1024\/768;object-fit:cover;\" data-srcset=\"https:\/\/www.ecolodges-des-3-lacs.com\/wp-content\/uploads\/\/cabana-magique-01.jpg 1024w, https:\/\/www.ecolodges-des-3-lacs.com\/wp-content\/uploads\/\/cabana-magique-01-768x576.jpg 768w, https:\/\/www.ecolodges-des-3-lacs.com\/wp-content\/uploads\/\/cabana-magique-01-512x384.jpg 512w, https:\/\/www.ecolodges-des-3-lacs.com\/wp-content\/uploads\/\/cabana-magique-01-256x192.jpg 256w\" data-sizes=\"(max-width: 1024px) 100vw, 1024px\" src=\"data:image\/svg+xml;base64,PHN2ZyB3aWR0aD0iMSIgaGVpZ2h0PSIxIiB4bWxucz0iaHR0cDovL3d3dy53My5vcmcvMjAwMC9zdmciPjwvc3ZnPg==\" \/><\/figure>\n\n\n<div class=\"wp-block-group onhover is-layout-constrained wp-block-group-is-layout-constrained\"><h2 class=\"has-text-align-center wp-block-post-title\">Familienurlaub\u00a0am\u00a0Lac de Serre-Pon\u00e7on<\/h2>\n\n<div class=\"has-text-align-center wp-block-post-excerpt\"><p class=\"wp-block-post-excerpt__excerpt\">Warum ist die Nebensaison ideal f\u00fcr einen Familienurlaub rund um den Lac de Serre-Pon\u00e7on? Ruhe, Natur, kinderfreundliche Aktivit\u00e4ten und attraktivere Preise \u2013 entdecken Sie, warum sich so viele Familien gerade f\u00fcr diese Zeit entscheiden.<\/p><p class=\"wp-block-post-excerpt__more-text\"><a class=\"wp-block-post-excerpt__more-link\" href=\"https:\/\/www.ecolodges-des-3-lacs.com\/de\/vacances-en-famille-autour-du-lac-de-serre-poncon\/\">En Savoir Plus<\/a><\/p><\/div><\/div>\n\n<\/li><li class=\"wp-block-post post-3897 post type-post status-publish format-standard has-post-thumbnail hentry category-unkategorisiert\">\n<figure class=\"wp-block-post-featured-image\"><img decoding=\"async\" width=\"2560\" height=\"1709\" data-src=\"https:\/\/www.ecolodges-des-3-lacs.com\/wp-content\/smush-webp\/la-paillote-au-bord-du-lac-les-ecolodges-des-3-lacs-a-scaled.jpeg.webp\" class=\"attachment-post-thumbnail size-post-thumbnail wp-post-image lazyload\" alt=\"\" style=\"--smush-placeholder-width: 2560px; --smush-placeholder-aspect-ratio: 2560\/1709;object-fit:cover;\" data-srcset=\"https:\/\/www.ecolodges-des-3-lacs.com\/wp-content\/smush-webp\/la-paillote-au-bord-du-lac-les-ecolodges-des-3-lacs-a-scaled.jpeg.webp 2560w, https:\/\/www.ecolodges-des-3-lacs.com\/wp-content\/smush-webp\/la-paillote-au-bord-du-lac-les-ecolodges-des-3-lacs-a-1024x684.jpeg.webp 1024w, https:\/\/www.ecolodges-des-3-lacs.com\/wp-content\/smush-webp\/la-paillote-au-bord-du-lac-les-ecolodges-des-3-lacs-a-2048x1367.jpeg.webp 2048w, https:\/\/www.ecolodges-des-3-lacs.com\/wp-content\/smush-webp\/la-paillote-au-bord-du-lac-les-ecolodges-des-3-lacs-a-768x513.jpeg.webp 768w, https:\/\/www.ecolodges-des-3-lacs.com\/wp-content\/smush-webp\/la-paillote-au-bord-du-lac-les-ecolodges-des-3-lacs-a-1536x1025.jpeg.webp 1536w, https:\/\/www.ecolodges-des-3-lacs.com\/wp-content\/smush-webp\/la-paillote-au-bord-du-lac-les-ecolodges-des-3-lacs-a-512x342.jpeg.webp 512w, https:\/\/www.ecolodges-des-3-lacs.com\/wp-content\/smush-webp\/la-paillote-au-bord-du-lac-les-ecolodges-des-3-lacs-a-256x171.jpeg.webp 256w\" data-sizes=\"(max-width: 2560px) 100vw, 2560px\" src=\"data:image\/svg+xml;base64,PHN2ZyB3aWR0aD0iMSIgaGVpZ2h0PSIxIiB4bWxucz0iaHR0cDovL3d3dy53My5vcmcvMjAwMC9zdmciPjwvc3ZnPg==\" \/><\/figure>\n\n\n<div class=\"wp-block-group onhover is-layout-constrained wp-block-group-is-layout-constrained\"><h2 class=\"has-text-align-center wp-block-post-title\">Bauen, verbessern, genie\u00dfen<\/h2>\n\n<div class=\"has-text-align-center wp-block-post-excerpt\"><p class=\"wp-block-post-excerpt__excerpt\">Willkommen zu unserem zweiten Blogartikel, in dem wir Ihnen gerne die Arbeiten vorstellen, die wir auf dem Campingplatz Les \u00c9colodges des 3 Lacs durchgef\u00fchrt haben. Unser Campingplatz befindet sich im Wandel, um noch mehr Komfort und Freude zu bieten. Neugierig auf die Ver\u00e4nderungen? Lesen Sie weiter!<\/p><p class=\"wp-block-post-excerpt__more-text\"><a class=\"wp-block-post-excerpt__more-link\" href=\"https:\/\/www.ecolodges-des-3-lacs.com\/de\/bauen-verbessern-geniessen\/\">En Savoir Plus<\/a><\/p><\/div><\/div>\n\n<\/li><li class=\"wp-block-post post-2962 post type-post status-publish format-standard has-post-thumbnail hentry category-unkategorisiert\">\n<figure class=\"wp-block-post-featured-image\"><img decoding=\"async\" width=\"1920\" height=\"900\" data-src=\"https:\/\/www.ecolodges-des-3-lacs.com\/wp-content\/uploads\/rachid-bianca-top.jpg\" class=\"attachment-post-thumbnail size-post-thumbnail wp-post-image lazyload\" alt=\"\" style=\"--smush-placeholder-width: 1920px; --smush-placeholder-aspect-ratio: 1920\/900;object-fit:cover;\" data-srcset=\"https:\/\/www.ecolodges-des-3-lacs.com\/wp-content\/uploads\/rachid-bianca-top.jpg 1920w, https:\/\/www.ecolodges-des-3-lacs.com\/wp-content\/uploads\/rachid-bianca-top-1024x480.jpg 1024w, https:\/\/www.ecolodges-des-3-lacs.com\/wp-content\/uploads\/rachid-bianca-top-768x360.jpg 768w, https:\/\/www.ecolodges-des-3-lacs.com\/wp-content\/uploads\/rachid-bianca-top-1536x720.jpg 1536w, https:\/\/www.ecolodges-des-3-lacs.com\/wp-content\/uploads\/rachid-bianca-top-512x240.jpg 512w, https:\/\/www.ecolodges-des-3-lacs.com\/wp-content\/uploads\/rachid-bianca-top-256x120.jpg 256w\" data-sizes=\"(max-width: 1920px) 100vw, 1920px\" src=\"data:image\/svg+xml;base64,PHN2ZyB3aWR0aD0iMSIgaGVpZ2h0PSIxIiB4bWxucz0iaHR0cDovL3d3dy53My5vcmcvMjAwMC9zdmciPjwvc3ZnPg==\" \/><\/figure>\n\n\n<div class=\"wp-block-group onhover is-layout-constrained wp-block-group-is-layout-constrained\"><h2 class=\"has-text-align-center wp-block-post-title\">Treffen Sie Rachid und Bianca<\/h2>\n\n<div class=\"has-text-align-center wp-block-post-excerpt\"><p class=\"wp-block-post-excerpt__excerpt\">Welcome to our very first blog post, where we&#8217;d like to introduce the faces behind Camping Les Ecolodges des 3 Lacs to you.<\/p><p class=\"wp-block-post-excerpt__more-text\"><a class=\"wp-block-post-excerpt__more-link\" href=\"https:\/\/www.ecolodges-des-3-lacs.com\/de\/treffen-sie-rachid-und-bianca\/\">En Savoir Plus<\/a><\/p><\/div><\/div>\n\n<\/li><\/ul>\n\n\n\n<\/div>\n<\/div>\n<\/div>\n<\/div>\n","protected":false},"excerpt":{"rendered":"<p>Entdecken Sie den BLOGvon Camping Les Ecolodges des 3 Lacs<\/p>\n","protected":false},"author":3,"featured_media":0,"parent":0,"menu_order":6,"comment_status":"closed","ping_status":"closed","template":"","meta":{"_acf_changed":false,"inline_featured_image":false,"footnotes":""},"class_list":["post-2976","page","type-page","status-publish","hentry"],"acf":[],"yoast_head":"<!-- This site is optimized with the Yoast SEO plugin v26.6 - https:\/\/yoast.com\/wordpress\/plugins\/seo\/ -->\n<title>Blog du camping Les Ecolodges des 3 Lacs \u00e0 Rochebrune<\/title>\n<meta name=\"description\" content=\"Camping-Blog Les Ecolodgesdes 3 Lacsdans les Hautes-Alpes Vos vacancescommencent ici ! Entdecken Sie den BLOGvon Camping Les Ecolodges des 3\" \/>\n<meta name=\"robots\" content=\"index, follow, max-snippet:-1, max-image-preview:large, max-video-preview:-1\" \/>\n<link rel=\"canonical\" href=\"https:\/\/www.ecolodges-des-3-lacs.com\/de\/blog\/\" \/>\n<meta property=\"og:locale\" content=\"de_DE\" \/>\n<meta property=\"og:type\" content=\"article\" \/>\n<meta property=\"og:title\" content=\"Blog du camping Les Ecolodges des 3 Lacs \u00e0 Rochebrune\" \/>\n<meta property=\"og:description\" content=\"Camping-Blog Les Ecolodgesdes 3 Lacsdans les Hautes-Alpes Vos vacancescommencent ici ! Entdecken Sie den BLOGvon Camping Les Ecolodges des 3\" \/>\n<meta property=\"og:url\" content=\"https:\/\/www.ecolodges-des-3-lacs.com\/de\/blog\/\" \/>\n<meta property=\"og:site_name\" content=\"Ecolodges des 3 Lacs\" \/>\n<meta property=\"article:modified_time\" content=\"2026-02-23T14:15:17+00:00\" \/>\n<meta property=\"og:image\" content=\"https:\/\/www.ecolodges-des-3-lacs.com\/wp-content\/uploads\/contact-top.jpg\" \/>\n\t<meta property=\"og:image:width\" content=\"1900\" \/>\n\t<meta property=\"og:image:height\" content=\"950\" \/>\n\t<meta property=\"og:image:type\" content=\"image\/jpeg\" \/>\n<meta name=\"twitter:card\" content=\"summary_large_image\" \/>\n<meta name=\"twitter:label1\" content=\"Gesch\u00e4tzte Lesezeit\" \/>\n\t<meta name=\"twitter:data1\" content=\"1\u00a0Minute\" \/>\n<script type=\"application\/ld+json\" class=\"yoast-schema-graph\">{\"@context\":\"https:\/\/schema.org\",\"@graph\":[{\"@type\":\"WebPage\",\"@id\":\"https:\/\/www.ecolodges-des-3-lacs.com\/de\/blog\/\",\"url\":\"https:\/\/www.ecolodges-des-3-lacs.com\/de\/blog\/\",\"name\":\"Blog du camping Les Ecolodges des 3 Lacs \u00e0 Rochebrune\",\"isPartOf\":{\"@id\":\"https:\/\/www.ecolodges-des-3-lacs.com\/#website\"},\"primaryImageOfPage\":{\"@id\":\"https:\/\/www.ecolodges-des-3-lacs.com\/de\/blog\/#primaryimage\"},\"image\":{\"@id\":\"https:\/\/www.ecolodges-des-3-lacs.com\/de\/blog\/#primaryimage\"},\"thumbnailUrl\":\"https:\/\/www.ecolodges-des-3-lacs.com\/wp-content\/uploads\/contact-top.jpg\",\"datePublished\":\"2024-04-09T14:02:25+00:00\",\"dateModified\":\"2026-02-23T14:15:17+00:00\",\"description\":\"Camping-Blog Les Ecolodgesdes 3 Lacsdans les Hautes-Alpes Vos vacancescommencent ici ! Entdecken Sie den BLOGvon Camping Les Ecolodges des 3\",\"breadcrumb\":{\"@id\":\"https:\/\/www.ecolodges-des-3-lacs.com\/de\/blog\/#breadcrumb\"},\"inLanguage\":\"de\",\"potentialAction\":[{\"@type\":\"ReadAction\",\"target\":[\"https:\/\/www.ecolodges-des-3-lacs.com\/de\/blog\/\"]}]},{\"@type\":\"ImageObject\",\"inLanguage\":\"de\",\"@id\":\"https:\/\/www.ecolodges-des-3-lacs.com\/de\/blog\/#primaryimage\",\"url\":\"https:\/\/www.ecolodges-des-3-lacs.com\/wp-content\/uploads\/contact-top.jpg\",\"contentUrl\":\"https:\/\/www.ecolodges-des-3-lacs.com\/wp-content\/uploads\/contact-top.jpg\"},{\"@type\":\"BreadcrumbList\",\"@id\":\"https:\/\/www.ecolodges-des-3-lacs.com\/de\/blog\/#breadcrumb\",\"itemListElement\":[{\"@type\":\"ListItem\",\"position\":1,\"name\":\"Portada\",\"item\":\"https:\/\/www.ecolodges-des-3-lacs.com\/de\/\"},{\"@type\":\"ListItem\",\"position\":2,\"name\":\"Blog\"}]},{\"@type\":\"WebSite\",\"@id\":\"https:\/\/www.ecolodges-des-3-lacs.com\/#website\",\"url\":\"https:\/\/www.ecolodges-des-3-lacs.com\/\",\"name\":\"Ecolodges des 3 Lacs\",\"description\":\"Bienvenue dans les Hautes Alpes\",\"publisher\":{\"@id\":\"https:\/\/www.ecolodges-des-3-lacs.com\/#organization\"},\"potentialAction\":[{\"@type\":\"SearchAction\",\"target\":{\"@type\":\"EntryPoint\",\"urlTemplate\":\"https:\/\/www.ecolodges-des-3-lacs.com\/?s={search_term_string}\"},\"query-input\":{\"@type\":\"PropertyValueSpecification\",\"valueRequired\":true,\"valueName\":\"search_term_string\"}}],\"inLanguage\":\"de\"},{\"@type\":\"Organization\",\"@id\":\"https:\/\/www.ecolodges-des-3-lacs.com\/#organization\",\"name\":\"Ecolodges des 3 Lacs\",\"url\":\"https:\/\/www.ecolodges-des-3-lacs.com\/\",\"logo\":{\"@type\":\"ImageObject\",\"inLanguage\":\"de\",\"@id\":\"https:\/\/www.ecolodges-des-3-lacs.com\/#\/schema\/logo\/image\/\",\"url\":\"https:\/\/www.ecolodges-des-3-lacs.com\/wp-content\/uploads\/logo-ecolodges.png\",\"contentUrl\":\"https:\/\/www.ecolodges-des-3-lacs.com\/wp-content\/uploads\/logo-ecolodges.png\",\"width\":200,\"height\":148,\"caption\":\"Ecolodges des 3 Lacs\"},\"image\":{\"@id\":\"https:\/\/www.ecolodges-des-3-lacs.com\/#\/schema\/logo\/image\/\"}}]}<\/script>\n<!-- \/ Yoast SEO plugin. -->","yoast_head_json":{"title":"Blog du camping Les Ecolodges des 3 Lacs \u00e0 Rochebrune","description":"Camping-Blog Les Ecolodgesdes 3 Lacsdans les Hautes-Alpes Vos vacancescommencent ici ! Entdecken Sie den BLOGvon Camping Les Ecolodges des 3","robots":{"index":"index","follow":"follow","max-snippet":"max-snippet:-1","max-image-preview":"max-image-preview:large","max-video-preview":"max-video-preview:-1"},"canonical":"https:\/\/www.ecolodges-des-3-lacs.com\/de\/blog\/","og_locale":"de_DE","og_type":"article","og_title":"Blog du camping Les Ecolodges des 3 Lacs \u00e0 Rochebrune","og_description":"Camping-Blog Les Ecolodgesdes 3 Lacsdans les Hautes-Alpes Vos vacancescommencent ici ! Entdecken Sie den BLOGvon Camping Les Ecolodges des 3","og_url":"https:\/\/www.ecolodges-des-3-lacs.com\/de\/blog\/","og_site_name":"Ecolodges des 3 Lacs","article_modified_time":"2026-02-23T14:15:17+00:00","og_image":[{"width":1900,"height":950,"url":"https:\/\/www.ecolodges-des-3-lacs.com\/wp-content\/uploads\/contact-top.jpg","type":"image\/jpeg"}],"twitter_card":"summary_large_image","twitter_misc":{"Gesch\u00e4tzte Lesezeit":"1\u00a0Minute"},"schema":{"@context":"https:\/\/schema.org","@graph":[{"@type":"WebPage","@id":"https:\/\/www.ecolodges-des-3-lacs.com\/de\/blog\/","url":"https:\/\/www.ecolodges-des-3-lacs.com\/de\/blog\/","name":"Blog du camping Les Ecolodges des 3 Lacs \u00e0 Rochebrune","isPartOf":{"@id":"https:\/\/www.ecolodges-des-3-lacs.com\/#website"},"primaryImageOfPage":{"@id":"https:\/\/www.ecolodges-des-3-lacs.com\/de\/blog\/#primaryimage"},"image":{"@id":"https:\/\/www.ecolodges-des-3-lacs.com\/de\/blog\/#primaryimage"},"thumbnailUrl":"https:\/\/www.ecolodges-des-3-lacs.com\/wp-content\/uploads\/contact-top.jpg","datePublished":"2024-04-09T14:02:25+00:00","dateModified":"2026-02-23T14:15:17+00:00","description":"Camping-Blog Les Ecolodgesdes 3 Lacsdans les Hautes-Alpes Vos vacancescommencent ici ! Entdecken Sie den BLOGvon Camping Les Ecolodges des 3","breadcrumb":{"@id":"https:\/\/www.ecolodges-des-3-lacs.com\/de\/blog\/#breadcrumb"},"inLanguage":"de","potentialAction":[{"@type":"ReadAction","target":["https:\/\/www.ecolodges-des-3-lacs.com\/de\/blog\/"]}]},{"@type":"ImageObject","inLanguage":"de","@id":"https:\/\/www.ecolodges-des-3-lacs.com\/de\/blog\/#primaryimage","url":"https:\/\/www.ecolodges-des-3-lacs.com\/wp-content\/uploads\/contact-top.jpg","contentUrl":"https:\/\/www.ecolodges-des-3-lacs.com\/wp-content\/uploads\/contact-top.jpg"},{"@type":"BreadcrumbList","@id":"https:\/\/www.ecolodges-des-3-lacs.com\/de\/blog\/#breadcrumb","itemListElement":[{"@type":"ListItem","position":1,"name":"Portada","item":"https:\/\/www.ecolodges-des-3-lacs.com\/de\/"},{"@type":"ListItem","position":2,"name":"Blog"}]},{"@type":"WebSite","@id":"https:\/\/www.ecolodges-des-3-lacs.com\/#website","url":"https:\/\/www.ecolodges-des-3-lacs.com\/","name":"Ecolodges des 3 Lacs","description":"Bienvenue dans les Hautes Alpes","publisher":{"@id":"https:\/\/www.ecolodges-des-3-lacs.com\/#organization"},"potentialAction":[{"@type":"SearchAction","target":{"@type":"EntryPoint","urlTemplate":"https:\/\/www.ecolodges-des-3-lacs.com\/?s={search_term_string}"},"query-input":{"@type":"PropertyValueSpecification","valueRequired":true,"valueName":"search_term_string"}}],"inLanguage":"de"},{"@type":"Organization","@id":"https:\/\/www.ecolodges-des-3-lacs.com\/#organization","name":"Ecolodges des 3 Lacs","url":"https:\/\/www.ecolodges-des-3-lacs.com\/","logo":{"@type":"ImageObject","inLanguage":"de","@id":"https:\/\/www.ecolodges-des-3-lacs.com\/#\/schema\/logo\/image\/","url":"https:\/\/www.ecolodges-des-3-lacs.com\/wp-content\/uploads\/logo-ecolodges.png","contentUrl":"https:\/\/www.ecolodges-des-3-lacs.com\/wp-content\/uploads\/logo-ecolodges.png","width":200,"height":148,"caption":"Ecolodges des 3 Lacs"},"image":{"@id":"https:\/\/www.ecolodges-des-3-lacs.com\/#\/schema\/logo\/image\/"}}]}},"_links":{"self":[{"href":"https:\/\/www.ecolodges-des-3-lacs.com\/de\/wp-json\/wp\/v2\/pages\/2976","targetHints":{"allow":["GET"]}}],"collection":[{"href":"https:\/\/www.ecolodges-des-3-lacs.com\/de\/wp-json\/wp\/v2\/pages"}],"about":[{"href":"https:\/\/www.ecolodges-des-3-lacs.com\/de\/wp-json\/wp\/v2\/types\/page"}],"author":[{"embeddable":true,"href":"https:\/\/www.ecolodges-des-3-lacs.com\/de\/wp-json\/wp\/v2\/users\/3"}],"replies":[{"embeddable":true,"href":"https:\/\/www.ecolodges-des-3-lacs.com\/de\/wp-json\/wp\/v2\/comments?post=2976"}],"version-history":[{"count":2,"href":"https:\/\/www.ecolodges-des-3-lacs.com\/de\/wp-json\/wp\/v2\/pages\/2976\/revisions"}],"predecessor-version":[{"id":4702,"href":"https:\/\/www.ecolodges-des-3-lacs.com\/de\/wp-json\/wp\/v2\/pages\/2976\/revisions\/4702"}],"wp:attachment":[{"href":"https:\/\/www.ecolodges-des-3-lacs.com\/de\/wp-json\/wp\/v2\/media?parent=2976"}],"curies":[{"name":"wp","href":"https:\/\/api.w.org\/{rel}","templated":true}]}}